{"id":2532,"date":"2022-07-07T10:39:54","date_gmt":"2022-07-07T08:39:54","guid":{"rendered":"https:\/\/safetoload.com\/solicite-una-demostracion\/"},"modified":"2024-04-23T10:55:18","modified_gmt":"2024-04-23T08:55:18","slug":"solicite-demostracion","status":"publish","type":"page","link":"https:\/\/safetoload.com\/es\/solicite-demostracion\/","title":{"rendered":"Old &#8211; Solicite una demostraci\u00f3n"},"content":{"rendered":"\t\t<div data-elementor-type=\"wp-page\" data-elementor-id=\"2532\" class=\"elementor elementor-2532 elementor-1198\" data-elementor-post-type=\"page\">\n\t\t\t\t\t\t<section class=\"elementor-section elementor-top-section elementor-element elementor-element-349028d elementor-section-full_width elementor-section-height-default elementor-section-height-default\" data-id=\"349028d\" data-element_type=\"section\" data-settings=\"{&quot;background_background&quot;:&quot;classic&quot;}\">\n\t\t\t\t\t\t\t<div class=\"elementor-background-overlay\"><\/div>\n\t\t\t\t\t\t\t<div class=\"elementor-container elementor-column-gap-default\">\n\t\t\t\t\t<div class=\"elementor-column elementor-col-100 elementor-top-column elementor-element elementor-element-092c13a\" data-id=\"092c13a\" data-element_type=\"column\">\n\t\t\t<div class=\"elementor-widget-wrap elementor-element-populated\">\n\t\t\t\t\t\t<div class=\"elementor-element elementor-element-3b6404c elementor-widget elementor-widget-heading\" data-id=\"3b6404c\" data-element_type=\"widget\" data-widget_type=\"heading.default\">\n\t\t\t\t<div class=\"elementor-widget-container\">\n\t\t\t\t\t<h1 class=\"elementor-heading-title elementor-size-default\">SOLICITUD DE DEMOSTRACI\u00d3N<\/h1>\t\t\t\t<\/div>\n\t\t\t\t<\/div>\n\t\t\t\t<div class=\"elementor-element elementor-element-4820e90 elementor-widget elementor-widget-text-editor\" data-id=\"4820e90\" data-element_type=\"widget\" data-widget_type=\"text-editor.default\">\n\t\t\t\t<div class=\"elementor-widget-container\">\n\t\t\t\t\t\t\t\t\t<p>HAGA UNA CITA CON NUESTRO EXPERTO<\/p>\n\t\t\t\t\t\t\t\t<\/div>\n\t\t\t\t<\/div>\n\t\t\t\t\t<\/div>\n\t\t<\/div>\n\t\t\t\t\t<\/div>\n\t\t<\/section>\n\t\t\t\t<section class=\"elementor-section elementor-top-section elementor-element elementor-element-4931c1a elementor-section-boxed elementor-section-height-default elementor-section-height-default\" data-id=\"4931c1a\" data-element_type=\"section\">\n\t\t\t\t\t\t<div class=\"elementor-container elementor-column-gap-default\">\n\t\t\t\t\t<div class=\"elementor-column elementor-col-100 elementor-top-column elementor-element elementor-element-7f6e690\" data-id=\"7f6e690\" data-element_type=\"column\">\n\t\t\t<div class=\"elementor-widget-wrap elementor-element-populated\">\n\t\t\t\t\t\t<div class=\"elementor-element elementor-element-9c7a7f3 elementor-position-left elementor-vertical-align-middle elementor-view-default elementor-mobile-position-top elementor-widget elementor-widget-icon-box\" data-id=\"9c7a7f3\" data-element_type=\"widget\" data-widget_type=\"icon-box.default\">\n\t\t\t\t<div class=\"elementor-widget-container\">\n\t\t\t\t\t\t\t<div class=\"elementor-icon-box-wrapper\">\n\n\t\t\t\t\t\t<div class=\"elementor-icon-box-icon\">\n\t\t\t\t<a href=\"https:\/\/safetoload.com\/es\/\" class=\"elementor-icon elementor-animation-shrink\" tabindex=\"-1\">\n\t\t\t\t<i aria-hidden=\"true\" class=\"fas fa-arrow-left\"><\/i>\t\t\t\t<\/a>\n\t\t\t<\/div>\n\t\t\t\n\t\t\t\t\t\t<div class=\"elementor-icon-box-content\">\n\n\t\t\t\t\t\t\t\t\t<p class=\"elementor-icon-box-title\">\n\t\t\t\t\t\t<a href=\"https:\/\/safetoload.com\/es\/\" >\n\t\t\t\t\t\t\tP\u00e1gina inicial\t\t\t\t\t\t<\/a>\n\t\t\t\t\t<\/p>\n\t\t\t\t\n\t\t\t\t\n\t\t\t<\/div>\n\t\t\t\n\t\t<\/div>\n\t\t\t\t\t\t<\/div>\n\t\t\t\t<\/div>\n\t\t\t\t\t<\/div>\n\t\t<\/div>\n\t\t\t\t\t<\/div>\n\t\t<\/section>\n\t\t\t\t<section class=\"elementor-section elementor-top-section elementor-element elementor-element-3ac1167 elementor-section-boxed elementor-section-height-default elementor-section-height-default\" data-id=\"3ac1167\" data-element_type=\"section\">\n\t\t\t\t\t\t<div class=\"elementor-container elementor-column-gap-default\">\n\t\t\t\t\t<div class=\"elementor-column elementor-col-50 elementor-top-column elementor-element elementor-element-2ea52b3\" data-id=\"2ea52b3\" data-element_type=\"column\">\n\t\t\t<div class=\"elementor-widget-wrap elementor-element-populated\">\n\t\t\t\t\t\t<div class=\"elementor-element elementor-element-0fb1a9d elementor-widget elementor-widget-wpml-language-switcher\" data-id=\"0fb1a9d\" data-element_type=\"widget\" data-widget_type=\"wpml-language-switcher.default\">\n\t\t\t\t<div class=\"elementor-widget-container\">\n\t\t\t\t\t<div class=\"wpml-elementor-ls\">\n<div class=\"wpml-ls-statics-shortcode_actions wpml-ls wpml-ls-legacy-list-horizontal\">\n\t<ul><li class=\"wpml-ls-slot-shortcode_actions wpml-ls-item wpml-ls-item-en wpml-ls-first-item wpml-ls-item-legacy-list-horizontal\">\n\t\t\t\t<a href=\"https:\/\/safetoload.com\/en\/\" class=\"wpml-ls-link\">\n                                                        <img decoding=\"async\"\n            class=\"wpml-ls-flag\"\n            src=\"https:\/\/safetoload.com\/wp-content\/plugins\/sitepress-multilingual-cms\/res\/flags\/en.png\"\n            alt=\"Ingl\u00e9s\"\n            width=18\n            height=12\n    \/><\/a>\n\t\t\t<\/li><li class=\"wpml-ls-slot-shortcode_actions wpml-ls-item wpml-ls-item-fr wpml-ls-item-legacy-list-horizontal\">\n\t\t\t\t<a href=\"https:\/\/safetoload.com\/\" class=\"wpml-ls-link\">\n                                                        <img decoding=\"async\"\n            class=\"wpml-ls-flag\"\n            src=\"https:\/\/safetoload.com\/wp-content\/plugins\/sitepress-multilingual-cms\/res\/flags\/fr.png\"\n            alt=\"Franc\u00e9s\"\n            width=18\n            height=12\n    \/><\/a>\n\t\t\t<\/li><li class=\"wpml-ls-slot-shortcode_actions wpml-ls-item wpml-ls-item-es wpml-ls-current-language wpml-ls-item-legacy-list-horizontal\">\n\t\t\t\t<a href=\"https:\/\/safetoload.com\/es\/\" class=\"wpml-ls-link\">\n                                                        <img decoding=\"async\"\n            class=\"wpml-ls-flag\"\n            src=\"https:\/\/safetoload.com\/wp-content\/plugins\/sitepress-multilingual-cms\/res\/flags\/es.png\"\n            alt=\"Espa\u00f1ol\"\n            width=18\n            height=12\n    \/><\/a>\n\t\t\t<\/li><li class=\"wpml-ls-slot-shortcode_actions wpml-ls-item wpml-ls-item-pt-pt wpml-ls-last-item wpml-ls-item-legacy-list-horizontal\">\n\t\t\t\t<a href=\"https:\/\/safetoload.com\/pt-pt\/\" class=\"wpml-ls-link\">\n                                                        <img decoding=\"async\"\n            class=\"wpml-ls-flag\"\n            src=\"https:\/\/safetoload.com\/wp-content\/plugins\/sitepress-multilingual-cms\/res\/flags\/pt-pt.png\"\n            alt=\"Portugu\u00e9s, Portugal\"\n            width=18\n            height=12\n    \/><\/a>\n\t\t\t<\/li><\/ul>\n<\/div>\n<\/div>\t\t\t\t<\/div>\n\t\t\t\t<\/div>\n\t\t\t\t<div class=\"elementor-element elementor-element-663f8b6 elementor-widget elementor-widget-heading\" data-id=\"663f8b6\" data-element_type=\"widget\" data-widget_type=\"heading.default\">\n\t\t\t\t<div class=\"elementor-widget-container\">\n\t\t\t\t\t<h2 class=\"elementor-heading-title elementor-size-default\">Elige su momento<\/h2>\t\t\t\t<\/div>\n\t\t\t\t<\/div>\n\t\t\t\t<div class=\"elementor-element elementor-element-12cbedf elementor-widget elementor-widget-text-editor\" data-id=\"12cbedf\" data-element_type=\"widget\" data-widget_type=\"text-editor.default\">\n\t\t\t\t<div class=\"elementor-widget-container\">\n\t\t\t\t\t\t\t\t\t<p>Reserve un horario con nuestro experto para una conferencia o una reuni\u00f3n para ofrecerle una demostraci\u00f3n y discutir sobre la soluci\u00f3n SafeToLoad.<\/p>\n<ul>\n<li>Una conferencia o una reuni\u00f3n personalizada con Teams<\/li>\n<li>30 o 60 minutos<\/li>\n<li>Un buen cafe&nbsp;<img decoding=\"async\" class=\"emoji\" role=\"img\" draggable=\"false\" src=\"https:\/\/s.w.org\/images\/core\/emoji\/13.1.0\/svg\/2615.svg\" alt=\"\u2615\"><\/li>\n<\/ul>\t\t\t\t\t\t\t\t<\/div>\n\t\t\t\t<\/div>\n\t\t\t\t<section class=\"elementor-section elementor-inner-section elementor-element elementor-element-373a104 elementor-section-boxed elementor-section-height-default elementor-section-height-default\" data-id=\"373a104\" data-element_type=\"section\">\n\t\t\t\t\t\t<div class=\"elementor-container elementor-column-gap-default\">\n\t\t\t\t\t<div class=\"elementor-column elementor-col-50 elementor-inner-column elementor-element elementor-element-e2a8e95\" data-id=\"e2a8e95\" data-element_type=\"column\">\n\t\t\t<div class=\"elementor-widget-wrap elementor-element-populated\">\n\t\t\t\t\t\t<div class=\"elementor-element elementor-element-814a272 elementor-widget elementor-widget-text-editor\" data-id=\"814a272\" data-element_type=\"widget\" data-widget_type=\"text-editor.default\">\n\t\t\t\t<div class=\"elementor-widget-container\">\n\t\t\t\t\t\t\t\t\t<p><strong>Me reservo un horario<\/strong><\/p>\n\t\t\t\t\t\t\t\t<\/div>\n\t\t\t\t<\/div>\n\t\t\t\t\t<\/div>\n\t\t<\/div>\n\t\t\t\t<div class=\"elementor-column elementor-col-50 elementor-inner-column elementor-element elementor-element-7996046\" data-id=\"7996046\" data-element_type=\"column\">\n\t\t\t<div class=\"elementor-widget-wrap elementor-element-populated\">\n\t\t\t\t\t\t<div class=\"elementor-element elementor-element-20f71ff elementor-view-default elementor-widget elementor-widget-icon\" data-id=\"20f71ff\" data-element_type=\"widget\" data-widget_type=\"icon.default\">\n\t\t\t\t<div class=\"elementor-widget-container\">\n\t\t\t\t\t\t\t<div class=\"elementor-icon-wrapper\">\n\t\t\t<div class=\"elementor-icon elementor-animation-grow\">\n\t\t\t<i aria-hidden=\"true\" class=\"fas fa-arrow-right\"><\/i>\t\t\t<\/div>\n\t\t<\/div>\n\t\t\t\t\t\t<\/div>\n\t\t\t\t<\/div>\n\t\t\t\t\t<\/div>\n\t\t<\/div>\n\t\t\t\t\t<\/div>\n\t\t<\/section>\n\t\t\t\t\t<\/div>\n\t\t<\/div>\n\t\t\t\t<div class=\"elementor-column elementor-col-50 elementor-top-column elementor-element elementor-element-c01b3ba\" data-id=\"c01b3ba\" data-element_type=\"column\">\n\t\t\t<div class=\"elementor-widget-wrap elementor-element-populated\">\n\t\t\t\t\t\t<div class=\"elementor-element elementor-element-27668e9 elementor-widget elementor-widget-text-editor\" data-id=\"27668e9\" data-element_type=\"widget\" data-widget_type=\"text-editor.default\">\n\t\t\t\t<div class=\"elementor-widget-container\">\n\t\t\t\t\t\t\t\t\t<div class=\"calendly-inline-widget\" style=\"min-width: 320px; height: 630px;\" data-url=\"https:\/\/calendly.com\/safetoload-demo?primary_color=cc3300\"><\/div>\n<script type=\"text\/javascript\" src=\"https:\/\/assets.calendly.com\/assets\/external\/widget.js\" async=\"\"><\/script>\t\t\t\t\t\t\t\t<\/div>\n\t\t\t\t<\/div>\n\t\t\t\t\t<\/div>\n\t\t<\/div>\n\t\t\t\t\t<\/div>\n\t\t<\/section>\n\t\t\t\t<section class=\"elementor-section elementor-top-section elementor-element elementor-element-0704599 elementor-section-boxed elementor-section-height-default elementor-section-height-default\" data-id=\"0704599\" data-element_type=\"section\">\n\t\t\t\t\t\t<div class=\"elementor-container elementor-column-gap-default\">\n\t\t\t\t\t<div class=\"elementor-column elementor-col-100 elementor-top-column elementor-element elementor-element-a6fcd4a\" data-id=\"a6fcd4a\" data-element_type=\"column\">\n\t\t\t<div class=\"elementor-widget-wrap elementor-element-populated\">\n\t\t\t\t\t\t<div class=\"elementor-element elementor-element-38f99f7 elementor-align-center elementor-widget elementor-widget-button\" data-id=\"38f99f7\" data-element_type=\"widget\" data-widget_type=\"button.default\">\n\t\t\t\t<div class=\"elementor-widget-container\">\n\t\t\t\t\t\t\t\t\t<div class=\"elementor-button-wrapper\">\n\t\t\t\t\t<a class=\"elementor-button elementor-button-link elementor-size-sm\" href=\"https:\/\/safetoload.com\/es\/\">\n\t\t\t\t\t\t<span class=\"elementor-button-content-wrapper\">\n\t\t\t\t\t\t\t\t\t<span class=\"elementor-button-text\">Vuelve a la p\u00e1gina inicial<\/span>\n\t\t\t\t\t<\/span>\n\t\t\t\t\t<\/a>\n\t\t\t\t<\/div>\n\t\t\t\t\t\t\t\t<\/div>\n\t\t\t\t<\/div>\n\t\t\t\t\t<\/div>\n\t\t<\/div>\n\t\t\t\t\t<\/div>\n\t\t<\/section>\n\t\t\t\t<\/div>\n\t\t","protected":false},"excerpt":{"rendered":"<p>SOLICITUD DE DEMOSTRACI\u00d3N HAGA UNA CITA CON NUESTRO EXPERTO P\u00e1gina inicial Elige su momento Reserve un horario con nuestro experto para una conferencia o una reuni\u00f3n para ofrecerle una demostraci\u00f3n [&hellip;]<\/p>\n","protected":false},"author":1,"featured_media":0,"parent":0,"menu_order":32,"comment_status":"closed","ping_status":"closed","template":"","meta":{"site-sidebar-layout":"no-sidebar","site-content-layout":"page-builder","ast-site-content-layout":"","site-content-style":"default","site-sidebar-style":"default","ast-global-header-display":"","ast-banner-title-visibility":"","ast-main-header-display":"disabled","ast-hfb-above-header-display":"","ast-hfb-below-header-display":"","ast-hfb-mobile-header-display":"disabled","site-post-title":"disabled","ast-breadcrumbs-content":"disabled","ast-featured-img":"disabled","footer-sml-layout":"","theme-transparent-header-meta":"default","adv-header-id-meta":"","stick-header-meta":"","header-above-stick-meta":"","header-main-stick-meta":"","header-below-stick-meta":"","astra-migrate-meta-layouts":"default","ast-page-background-enabled":"default","ast-page-background-meta":{"desktop":{"background-color":"var(--ast-global-color-4)","background-image":"","background-repeat":"repeat","background-position":"center center","background-size":"auto","background-attachment":"scroll","background-type":"","background-media":"","overlay-type":"","overlay-color":"","overlay-gradient":""},"tablet":{"background-color":"","background-image":"","background-repeat":"repeat","background-position":"center center","background-size":"auto","background-attachment":"scroll","background-type":"","background-media":"","overlay-type":"","overlay-color":"","overlay-gradient":""},"mobile":{"background-color":"","background-image":"","background-repeat":"repeat","background-position":"center center","background-size":"auto","background-attachment":"scroll","background-type":"","background-media":"","overlay-type":"","overlay-color":"","overlay-gradient":""}},"ast-content-background-meta":{"desktop":{"background-color":"var(--ast-global-color-5)","background-image":"","background-repeat":"repeat","background-position":"center center","background-size":"auto","background-attachment":"scroll","background-type":"","background-media":"","overlay-type":"","overlay-color":"","overlay-gradient":""},"tablet":{"background-color":"var(--ast-global-color-5)","background-image":"","background-repeat":"repeat","background-position":"center center","background-size":"auto","background-attachment":"scroll","background-type":"","background-media":"","overlay-type":"","overlay-color":"","overlay-gradient":""},"mobile":{"background-color":"var(--ast-global-color-5)","background-image":"","background-repeat":"repeat","background-position":"center center","background-size":"auto","background-attachment":"scroll","background-type":"","background-media":"","overlay-type":"","overlay-color":"","overlay-gradient":""}},"_themeisle_gutenberg_block_has_review":false,"footnotes":""},"class_list":["post-2532","page","type-page","status-publish","hentry"],"yoast_head":"<!-- This site is optimized with the Yoast SEO plugin v24.1 - https:\/\/yoast.com\/wordpress\/plugins\/seo\/ -->\n<title>Old - Solicite una demostraci\u00f3n - Soluci\u00f3n de software SafeToLoad<\/title>\n<meta name=\"description\" content=\"Solicite una demostraci\u00f3n, elija un intervalo de tiempo para una demostraci\u00f3n de la soluci\u00f3n de software SafeToLoad y charle con nuestro experto.\" \/>\n<meta name=\"robots\" content=\"index, follow, max-snippet:-1, max-image-preview:large, max-video-preview:-1\" \/>\n<link rel=\"canonical\" href=\"https:\/\/safetoload.com\/es\/solicite-demostracion\/\" \/>\n<meta property=\"og:locale\" content=\"es_ES\" \/>\n<meta property=\"og:type\" content=\"article\" \/>\n<meta property=\"og:title\" content=\"Old - Solicite una demostraci\u00f3n - Soluci\u00f3n de software SafeToLoad\" \/>\n<meta property=\"og:description\" content=\"Solicite una demostraci\u00f3n, elija un intervalo de tiempo para una demostraci\u00f3n de la soluci\u00f3n de software SafeToLoad y charle con nuestro experto.\" \/>\n<meta property=\"og:url\" content=\"https:\/\/safetoload.com\/es\/solicite-demostracion\/\" \/>\n<meta property=\"og:site_name\" content=\"SafeToLoad\" \/>\n<meta property=\"article:modified_time\" content=\"2024-04-23T08:55:18+00:00\" \/>\n<meta property=\"og:image\" content=\"https:\/\/s.w.org\/images\/core\/emoji\/13.1.0\/svg\/2615.svg\" \/>\n<meta name=\"twitter:card\" content=\"summary_large_image\" \/>\n<meta name=\"twitter:label1\" content=\"Tiempo de lectura\" \/>\n\t<meta name=\"twitter:data1\" content=\"2 minutos\" \/>\n<script type=\"application\/ld+json\" class=\"yoast-schema-graph\">{\"@context\":\"https:\/\/schema.org\",\"@graph\":[{\"@type\":\"WebPage\",\"@id\":\"https:\/\/safetoload.com\/es\/solicite-demostracion\/\",\"url\":\"https:\/\/safetoload.com\/es\/solicite-demostracion\/\",\"name\":\"Old - Solicite una demostraci\u00f3n - Soluci\u00f3n de software SafeToLoad\",\"isPartOf\":{\"@id\":\"https:\/\/safetoload.com\/es\/#website\"},\"primaryImageOfPage\":{\"@id\":\"https:\/\/safetoload.com\/es\/solicite-demostracion\/#primaryimage\"},\"image\":{\"@id\":\"https:\/\/safetoload.com\/es\/solicite-demostracion\/#primaryimage\"},\"thumbnailUrl\":\"https:\/\/s.w.org\/images\/core\/emoji\/13.1.0\/svg\/2615.svg\",\"datePublished\":\"2022-07-07T08:39:54+00:00\",\"dateModified\":\"2024-04-23T08:55:18+00:00\",\"description\":\"Solicite una demostraci\u00f3n, elija un intervalo de tiempo para una demostraci\u00f3n de la soluci\u00f3n de software SafeToLoad y charle con nuestro experto.\",\"breadcrumb\":{\"@id\":\"https:\/\/safetoload.com\/es\/solicite-demostracion\/#breadcrumb\"},\"inLanguage\":\"es\",\"potentialAction\":[{\"@type\":\"ReadAction\",\"target\":[\"https:\/\/safetoload.com\/es\/solicite-demostracion\/\"]}]},{\"@type\":\"ImageObject\",\"inLanguage\":\"es\",\"@id\":\"https:\/\/safetoload.com\/es\/solicite-demostracion\/#primaryimage\",\"url\":\"https:\/\/s.w.org\/images\/core\/emoji\/13.1.0\/svg\/2615.svg\",\"contentUrl\":\"https:\/\/s.w.org\/images\/core\/emoji\/13.1.0\/svg\/2615.svg\"},{\"@type\":\"BreadcrumbList\",\"@id\":\"https:\/\/safetoload.com\/es\/solicite-demostracion\/#breadcrumb\",\"itemListElement\":[{\"@type\":\"ListItem\",\"position\":1,\"name\":\"Accueil\",\"item\":\"https:\/\/safetoload.com\/es\/\"},{\"@type\":\"ListItem\",\"position\":2,\"name\":\"Old &#8211; Solicite una demostraci\u00f3n\"}]},{\"@type\":\"WebSite\",\"@id\":\"https:\/\/safetoload.com\/es\/#website\",\"url\":\"https:\/\/safetoload.com\/es\/\",\"name\":\"SafeToLoad\",\"description\":\"Transformez la s\u00e9curit\u00e9 en priorit\u00e9\",\"publisher\":{\"@id\":\"https:\/\/safetoload.com\/es\/#organization\"},\"potentialAction\":[{\"@type\":\"SearchAction\",\"target\":{\"@type\":\"EntryPoint\",\"urlTemplate\":\"https:\/\/safetoload.com\/es\/?s={search_term_string}\"},\"query-input\":{\"@type\":\"PropertyValueSpecification\",\"valueRequired\":true,\"valueName\":\"search_term_string\"}}],\"inLanguage\":\"es\"},{\"@type\":\"Organization\",\"@id\":\"https:\/\/safetoload.com\/es\/#organization\",\"name\":\"Safe To Load\",\"url\":\"https:\/\/safetoload.com\/es\/\",\"logo\":{\"@type\":\"ImageObject\",\"inLanguage\":\"es\",\"@id\":\"https:\/\/safetoload.com\/es\/#\/schema\/logo\/image\/\",\"url\":\"https:\/\/safetoload.com\/wp-content\/uploads\/2021\/10\/safetoload.logo_.vertical.orange.v4.png\",\"contentUrl\":\"https:\/\/safetoload.com\/wp-content\/uploads\/2021\/10\/safetoload.logo_.vertical.orange.v4.png\",\"width\":1199,\"height\":663,\"caption\":\"Safe To Load\"},\"image\":{\"@id\":\"https:\/\/safetoload.com\/es\/#\/schema\/logo\/image\/\"}}]}<\/script>\n<!-- \/ Yoast SEO plugin. -->","yoast_head_json":{"title":"Old - Solicite una demostraci\u00f3n - Soluci\u00f3n de software SafeToLoad","description":"Solicite una demostraci\u00f3n, elija un intervalo de tiempo para una demostraci\u00f3n de la soluci\u00f3n de software SafeToLoad y charle con nuestro experto.","robots":{"index":"index","follow":"follow","max-snippet":"max-snippet:-1","max-image-preview":"max-image-preview:large","max-video-preview":"max-video-preview:-1"},"canonical":"https:\/\/safetoload.com\/es\/solicite-demostracion\/","og_locale":"es_ES","og_type":"article","og_title":"Old - Solicite una demostraci\u00f3n - Soluci\u00f3n de software SafeToLoad","og_description":"Solicite una demostraci\u00f3n, elija un intervalo de tiempo para una demostraci\u00f3n de la soluci\u00f3n de software SafeToLoad y charle con nuestro experto.","og_url":"https:\/\/safetoload.com\/es\/solicite-demostracion\/","og_site_name":"SafeToLoad","article_modified_time":"2024-04-23T08:55:18+00:00","og_image":[{"url":"https:\/\/s.w.org\/images\/core\/emoji\/13.1.0\/svg\/2615.svg","type":"","width":"","height":""}],"twitter_card":"summary_large_image","twitter_misc":{"Tiempo de lectura":"2 minutos"},"schema":{"@context":"https:\/\/schema.org","@graph":[{"@type":"WebPage","@id":"https:\/\/safetoload.com\/es\/solicite-demostracion\/","url":"https:\/\/safetoload.com\/es\/solicite-demostracion\/","name":"Old - Solicite una demostraci\u00f3n - Soluci\u00f3n de software SafeToLoad","isPartOf":{"@id":"https:\/\/safetoload.com\/es\/#website"},"primaryImageOfPage":{"@id":"https:\/\/safetoload.com\/es\/solicite-demostracion\/#primaryimage"},"image":{"@id":"https:\/\/safetoload.com\/es\/solicite-demostracion\/#primaryimage"},"thumbnailUrl":"https:\/\/s.w.org\/images\/core\/emoji\/13.1.0\/svg\/2615.svg","datePublished":"2022-07-07T08:39:54+00:00","dateModified":"2024-04-23T08:55:18+00:00","description":"Solicite una demostraci\u00f3n, elija un intervalo de tiempo para una demostraci\u00f3n de la soluci\u00f3n de software SafeToLoad y charle con nuestro experto.","breadcrumb":{"@id":"https:\/\/safetoload.com\/es\/solicite-demostracion\/#breadcrumb"},"inLanguage":"es","potentialAction":[{"@type":"ReadAction","target":["https:\/\/safetoload.com\/es\/solicite-demostracion\/"]}]},{"@type":"ImageObject","inLanguage":"es","@id":"https:\/\/safetoload.com\/es\/solicite-demostracion\/#primaryimage","url":"https:\/\/s.w.org\/images\/core\/emoji\/13.1.0\/svg\/2615.svg","contentUrl":"https:\/\/s.w.org\/images\/core\/emoji\/13.1.0\/svg\/2615.svg"},{"@type":"BreadcrumbList","@id":"https:\/\/safetoload.com\/es\/solicite-demostracion\/#breadcrumb","itemListElement":[{"@type":"ListItem","position":1,"name":"Accueil","item":"https:\/\/safetoload.com\/es\/"},{"@type":"ListItem","position":2,"name":"Old &#8211; Solicite una demostraci\u00f3n"}]},{"@type":"WebSite","@id":"https:\/\/safetoload.com\/es\/#website","url":"https:\/\/safetoload.com\/es\/","name":"SafeToLoad","description":"Transformez la s\u00e9curit\u00e9 en priorit\u00e9","publisher":{"@id":"https:\/\/safetoload.com\/es\/#organization"},"potentialAction":[{"@type":"SearchAction","target":{"@type":"EntryPoint","urlTemplate":"https:\/\/safetoload.com\/es\/?s={search_term_string}"},"query-input":{"@type":"PropertyValueSpecification","valueRequired":true,"valueName":"search_term_string"}}],"inLanguage":"es"},{"@type":"Organization","@id":"https:\/\/safetoload.com\/es\/#organization","name":"Safe To Load","url":"https:\/\/safetoload.com\/es\/","logo":{"@type":"ImageObject","inLanguage":"es","@id":"https:\/\/safetoload.com\/es\/#\/schema\/logo\/image\/","url":"https:\/\/safetoload.com\/wp-content\/uploads\/2021\/10\/safetoload.logo_.vertical.orange.v4.png","contentUrl":"https:\/\/safetoload.com\/wp-content\/uploads\/2021\/10\/safetoload.logo_.vertical.orange.v4.png","width":1199,"height":663,"caption":"Safe To Load"},"image":{"@id":"https:\/\/safetoload.com\/es\/#\/schema\/logo\/image\/"}}]}},"_links":{"self":[{"href":"https:\/\/safetoload.com\/es\/wp-json\/wp\/v2\/pages\/2532","targetHints":{"allow":["GET"]}}],"collection":[{"href":"https:\/\/safetoload.com\/es\/wp-json\/wp\/v2\/pages"}],"about":[{"href":"https:\/\/safetoload.com\/es\/wp-json\/wp\/v2\/types\/page"}],"author":[{"embeddable":true,"href":"https:\/\/safetoload.com\/es\/wp-json\/wp\/v2\/users\/1"}],"replies":[{"embeddable":true,"href":"https:\/\/safetoload.com\/es\/wp-json\/wp\/v2\/comments?post=2532"}],"version-history":[{"count":11,"href":"https:\/\/safetoload.com\/es\/wp-json\/wp\/v2\/pages\/2532\/revisions"}],"predecessor-version":[{"id":19085,"href":"https:\/\/safetoload.com\/es\/wp-json\/wp\/v2\/pages\/2532\/revisions\/19085"}],"wp:attachment":[{"href":"https:\/\/safetoload.com\/es\/wp-json\/wp\/v2\/media?parent=2532"}],"curies":[{"name":"wp","href":"https:\/\/api.w.org\/{rel}","templated":true}]}}