{"id":11432,"date":"2023-09-15T11:10:14","date_gmt":"2023-09-15T09:10:14","guid":{"rendered":"https:\/\/safetoload.com\/documentation-ep\/"},"modified":"2024-04-23T10:45:50","modified_gmt":"2024-04-23T08:45:50","slug":"documentation-ep","status":"publish","type":"page","link":"https:\/\/safetoload.com\/en\/documentation-ep\/","title":{"rendered":"Documentation EP"},"content":{"rendered":"\t\t<div data-elementor-type=\"wp-page\" data-elementor-id=\"11432\" class=\"elementor elementor-11432 elementor-11392\" data-elementor-post-type=\"page\">\n\t\t\t\t\t\t<section class=\"elementor-section elementor-top-section elementor-element elementor-element-2feb342 elementor-section-full_width elementor-section-height-default elementor-section-height-default\" data-id=\"2feb342\" data-element_type=\"section\" data-settings=\"{&quot;background_background&quot;:&quot;classic&quot;}\">\n\t\t\t\t\t\t\t<div class=\"elementor-background-overlay\"><\/div>\n\t\t\t\t\t\t\t<div class=\"elementor-container elementor-column-gap-default\">\n\t\t\t\t\t<div class=\"elementor-column elementor-col-100 elementor-top-column elementor-element elementor-element-f37da56\" data-id=\"f37da56\" data-element_type=\"column\">\n\t\t\t<div class=\"elementor-widget-wrap elementor-element-populated\">\n\t\t\t\t\t\t<section class=\"elementor-section elementor-inner-section elementor-element elementor-element-3f519da elementor-section-full_width elementor-section-height-default elementor-section-height-default\" data-id=\"3f519da\" data-element_type=\"section\">\n\t\t\t\t\t\t<div class=\"elementor-container elementor-column-gap-default\">\n\t\t\t\t\t<div class=\"elementor-column elementor-col-50 elementor-inner-column elementor-element elementor-element-b2dc419\" data-id=\"b2dc419\" data-element_type=\"column\">\n\t\t\t<div class=\"elementor-widget-wrap elementor-element-populated\">\n\t\t\t\t\t\t<div class=\"elementor-element elementor-element-959dd5d elementor-widget elementor-widget-image\" data-id=\"959dd5d\" data-element_type=\"widget\" data-widget_type=\"image.default\">\n\t\t\t\t<div class=\"elementor-widget-container\">\n\t\t\t\t\t\t\t\t\t\t\t\t\t\t\t<img decoding=\"async\" width=\"300\" height=\"67\" src=\"https:\/\/safetoload.com\/wp-content\/uploads\/2021\/10\/safetoload.logo_.horizontal.orange.v3-300x67.png\" class=\"attachment-medium size-medium wp-image-958\" alt=\"SafeToLoad Product Logo\" srcset=\"https:\/\/safetoload.com\/wp-content\/uploads\/2021\/10\/safetoload.logo_.horizontal.orange.v3-300x67.png 300w, https:\/\/safetoload.com\/wp-content\/uploads\/2021\/10\/safetoload.logo_.horizontal.orange.v3-1024x229.png 1024w, https:\/\/safetoload.com\/wp-content\/uploads\/2021\/10\/safetoload.logo_.horizontal.orange.v3-768x172.png 768w, https:\/\/safetoload.com\/wp-content\/uploads\/2021\/10\/safetoload.logo_.horizontal.orange.v3-1536x343.png 1536w, https:\/\/safetoload.com\/wp-content\/uploads\/2021\/10\/safetoload.logo_.horizontal.orange.v3.png 1561w\" sizes=\"(max-width: 300px) 100vw, 300px\" \/>\t\t\t\t\t\t\t\t\t\t\t\t\t\t\t<\/div>\n\t\t\t\t<\/div>\n\t\t\t\t\t<\/div>\n\t\t<\/div>\n\t\t\t\t<div class=\"elementor-column elementor-col-50 elementor-inner-column elementor-element elementor-element-0c1bf30\" data-id=\"0c1bf30\" data-element_type=\"column\">\n\t\t\t<div class=\"elementor-widget-wrap elementor-element-populated\">\n\t\t\t\t\t\t<div class=\"elementor-element elementor-element-a982730 elementor-widget elementor-widget-heading\" data-id=\"a982730\" data-element_type=\"widget\" data-widget_type=\"heading.default\">\n\t\t\t\t<div class=\"elementor-widget-container\">\n\t\t\t\t\t<h1 class=\"elementor-heading-title elementor-size-default\">DOCUMENTATION<\/h1>\t\t\t\t<\/div>\n\t\t\t\t<\/div>\n\t\t\t\t\t<\/div>\n\t\t<\/div>\n\t\t\t\t\t<\/div>\n\t\t<\/section>\n\t\t\t\t\t<\/div>\n\t\t<\/div>\n\t\t\t\t\t<\/div>\n\t\t<\/section>\n\t\t\t\t<section class=\"elementor-section elementor-top-section elementor-element elementor-element-51b8337 elementor-section-boxed elementor-section-height-default elementor-section-height-default\" data-id=\"51b8337\" data-element_type=\"section\">\n\t\t\t\t\t\t<div class=\"elementor-container elementor-column-gap-default\">\n\t\t\t\t\t<div class=\"elementor-column elementor-col-100 elementor-top-column elementor-element elementor-element-48251af\" data-id=\"48251af\" data-element_type=\"column\">\n\t\t\t<div class=\"elementor-widget-wrap elementor-element-populated\">\n\t\t\t\t\t\t<div class=\"elementor-element elementor-element-b47b213 elementor-position-left elementor-vertical-align-middle elementor-view-default elementor-mobile-position-top elementor-widget elementor-widget-icon-box\" data-id=\"b47b213\" data-element_type=\"widget\" data-widget_type=\"icon-box.default\">\n\t\t\t\t<div class=\"elementor-widget-container\">\n\t\t\t\t\t\t\t<div class=\"elementor-icon-box-wrapper\">\n\n\t\t\t\t\t\t<div class=\"elementor-icon-box-icon\">\n\t\t\t\t<a href=\"https:\/\/safetoload.com\/en\/help-ep\/\" class=\"elementor-icon elementor-animation-\" tabindex=\"-1\">\n\t\t\t\t<i aria-hidden=\"true\" class=\"fas fa-long-arrow-alt-left\"><\/i>\t\t\t\t<\/a>\n\t\t\t<\/div>\n\t\t\t\n\t\t\t\t\t\t<div class=\"elementor-icon-box-content\">\n\n\t\t\t\t\t\t\t\t\t<p class=\"elementor-icon-box-title\">\n\t\t\t\t\t\t<a href=\"https:\/\/safetoload.com\/en\/help-ep\/\" >\n\t\t\t\t\t\t\tReturn to help page\t\t\t\t\t\t<\/a>\n\t\t\t\t\t<\/p>\n\t\t\t\t\n\t\t\t\t\n\t\t\t<\/div>\n\t\t\t\n\t\t<\/div>\n\t\t\t\t\t\t<\/div>\n\t\t\t\t<\/div>\n\t\t\t\t\t<\/div>\n\t\t<\/div>\n\t\t\t\t\t<\/div>\n\t\t<\/section>\n\t\t\t\t<section class=\"elementor-section elementor-top-section elementor-element elementor-element-ee2d5ef elementor-section-boxed elementor-section-height-default elementor-section-height-default\" data-id=\"ee2d5ef\" data-element_type=\"section\">\n\t\t\t\t\t\t<div class=\"elementor-container elementor-column-gap-default\">\n\t\t\t\t\t<div class=\"elementor-column elementor-col-100 elementor-top-column elementor-element elementor-element-0b45359\" data-id=\"0b45359\" data-element_type=\"column\">\n\t\t\t<div class=\"elementor-widget-wrap elementor-element-populated\">\n\t\t\t\t\t\t<div class=\"elementor-element elementor-element-aa98086 elementor-widget elementor-widget-heading\" data-id=\"aa98086\" data-element_type=\"widget\" data-widget_type=\"heading.default\">\n\t\t\t\t<div class=\"elementor-widget-container\">\n\t\t\t\t\t<h2 class=\"elementor-heading-title elementor-size-default\">ALL OUR DOCUMENTATION<\/h2>\t\t\t\t<\/div>\n\t\t\t\t<\/div>\n\t\t\t\t\t<\/div>\n\t\t<\/div>\n\t\t\t\t\t<\/div>\n\t\t<\/section>\n\t\t\t\t<section class=\"elementor-section elementor-top-section elementor-element elementor-element-200c18f elementor-section-boxed elementor-section-height-default elementor-section-height-default\" data-id=\"200c18f\" data-element_type=\"section\">\n\t\t\t\t\t\t<div class=\"elementor-container elementor-column-gap-default\">\n\t\t\t\t\t<div class=\"elementor-column elementor-col-33 elementor-top-column elementor-element elementor-element-8a6d7e7\" data-id=\"8a6d7e7\" data-element_type=\"column\">\n\t\t\t<div class=\"elementor-widget-wrap elementor-element-populated\">\n\t\t\t\t\t\t<div class=\"elementor-element elementor-element-b2fbc03 elementor-align-center elementor-widget elementor-widget-button\" data-id=\"b2fbc03\" data-element_type=\"widget\" data-widget_type=\"button.default\">\n\t\t\t\t<div class=\"elementor-widget-container\">\n\t\t\t\t\t\t\t\t\t<div class=\"elementor-button-wrapper\">\n\t\t\t\t\t<a class=\"elementor-button elementor-button-link elementor-size-xl elementor-animation-shrink\" href=\"https:\/\/safetoload.com\/en\/documentation-ep\/presentation\">\n\t\t\t\t\t\t<span class=\"elementor-button-content-wrapper\">\n\t\t\t\t\t\t\t\t\t<span class=\"elementor-button-text\">General Documentation<\/span>\n\t\t\t\t\t<\/span>\n\t\t\t\t\t<\/a>\n\t\t\t\t<\/div>\n\t\t\t\t\t\t\t\t<\/div>\n\t\t\t\t<\/div>\n\t\t\t\t\t<\/div>\n\t\t<\/div>\n\t\t\t\t<div class=\"elementor-column elementor-col-33 elementor-top-column elementor-element elementor-element-19423d8\" data-id=\"19423d8\" data-element_type=\"column\">\n\t\t\t<div class=\"elementor-widget-wrap elementor-element-populated\">\n\t\t\t\t\t\t<div class=\"elementor-element elementor-element-dd05777 elementor-align-center elementor-widget elementor-widget-button\" data-id=\"dd05777\" data-element_type=\"widget\" data-widget_type=\"button.default\">\n\t\t\t\t<div class=\"elementor-widget-container\">\n\t\t\t\t\t\t\t\t\t<div class=\"elementor-button-wrapper\">\n\t\t\t\t\t<a class=\"elementor-button elementor-button-link elementor-size-xl elementor-animation-shrink\" href=\"https:\/\/safetoload.com\/en\/documentation-ep\/login-identification\">\n\t\t\t\t\t\t<span class=\"elementor-button-content-wrapper\">\n\t\t\t\t\t\t\t\t\t<span class=\"elementor-button-text\">Portal Documentation<\/span>\n\t\t\t\t\t<\/span>\n\t\t\t\t\t<\/a>\n\t\t\t\t<\/div>\n\t\t\t\t\t\t\t\t<\/div>\n\t\t\t\t<\/div>\n\t\t\t\t\t<\/div>\n\t\t<\/div>\n\t\t\t\t<div class=\"elementor-column elementor-col-33 elementor-top-column elementor-element elementor-element-30be5e7\" data-id=\"30be5e7\" data-element_type=\"column\">\n\t\t\t<div class=\"elementor-widget-wrap elementor-element-populated\">\n\t\t\t\t\t\t<div class=\"elementor-element elementor-element-65bd984 elementor-align-center elementor-widget elementor-widget-button\" data-id=\"65bd984\" data-element_type=\"widget\" data-widget_type=\"button.default\">\n\t\t\t\t<div class=\"elementor-widget-container\">\n\t\t\t\t\t\t\t\t\t<div class=\"elementor-button-wrapper\">\n\t\t\t\t\t<a class=\"elementor-button elementor-button-link elementor-size-xl elementor-animation-shrink\" href=\"https:\/\/safetoload.com\/en\/documentation-ep\/login\">\n\t\t\t\t\t\t<span class=\"elementor-button-content-wrapper\">\n\t\t\t\t\t\t\t\t\t<span class=\"elementor-button-text\">App Inspect Documentation<\/span>\n\t\t\t\t\t<\/span>\n\t\t\t\t\t<\/a>\n\t\t\t\t<\/div>\n\t\t\t\t\t\t\t\t<\/div>\n\t\t\t\t<\/div>\n\t\t\t\t\t<\/div>\n\t\t<\/div>\n\t\t\t\t\t<\/div>\n\t\t<\/section>\n\t\t\t\t<section class=\"elementor-section elementor-top-section elementor-element elementor-element-7d8fe41 elementor-section-boxed elementor-section-height-default elementor-section-height-default\" data-id=\"7d8fe41\" data-element_type=\"section\" data-settings=\"{&quot;background_background&quot;:&quot;classic&quot;}\">\n\t\t\t\t\t\t\t<div class=\"elementor-background-overlay\"><\/div>\n\t\t\t\t\t\t\t<div class=\"elementor-container elementor-column-gap-default\">\n\t\t\t\t\t<div class=\"elementor-column elementor-col-50 elementor-top-column elementor-element elementor-element-7887a58\" data-id=\"7887a58\" data-element_type=\"column\">\n\t\t\t<div class=\"elementor-widget-wrap elementor-element-populated\">\n\t\t\t\t\t\t<div class=\"elementor-element elementor-element-5a811d6 elementor-view-default elementor-widget elementor-widget-icon\" data-id=\"5a811d6\" data-element_type=\"widget\" data-widget_type=\"icon.default\">\n\t\t\t\t<div class=\"elementor-widget-container\">\n\t\t\t\t\t\t\t<div class=\"elementor-icon-wrapper\">\n\t\t\t<a class=\"elementor-icon\" href=\"https:\/\/www.linkedin.com\/company\/safetoload\/\" target=\"_blank\">\n\t\t\t<i aria-hidden=\"true\" class=\"fab fa-linkedin\"><\/i>\t\t\t<\/a>\n\t\t<\/div>\n\t\t\t\t\t\t<\/div>\n\t\t\t\t<\/div>\n\t\t\t\t<div class=\"elementor-element elementor-element-ec34896 elementor-widget elementor-widget-text-editor\" data-id=\"ec34896\" data-element_type=\"widget\" data-widget_type=\"text-editor.default\">\n\t\t\t\t<div class=\"elementor-widget-container\">\n\t\t\t\t\t\t\t\t\t<p><span style=\"color: #ffffff; text-align: center;\">Follow all our news on LinkedIn<\/span><\/p>\n\t\t\t\t\t\t\t\t<\/div>\n\t\t\t\t<\/div>\n\t\t\t\t<div class=\"elementor-element elementor-element-ac38222 elementor-align-center elementor-widget elementor-widget-button\" data-id=\"ac38222\" data-element_type=\"widget\" data-widget_type=\"button.default\">\n\t\t\t\t<div class=\"elementor-widget-container\">\n\t\t\t\t\t\t\t\t\t<div class=\"elementor-button-wrapper\">\n\t\t\t\t\t<a class=\"elementor-button elementor-button-link elementor-size-md\" href=\"https:\/\/www.linkedin.com\/company\/safetoload\/\">\n\t\t\t\t\t\t<span class=\"elementor-button-content-wrapper\">\n\t\t\t\t\t\t\t\t\t<span class=\"elementor-button-text\">Follow us<\/span>\n\t\t\t\t\t<\/span>\n\t\t\t\t\t<\/a>\n\t\t\t\t<\/div>\n\t\t\t\t\t\t\t\t<\/div>\n\t\t\t\t<\/div>\n\t\t\t\t\t<\/div>\n\t\t<\/div>\n\t\t\t\t<div class=\"elementor-column elementor-col-50 elementor-top-column elementor-element elementor-element-6c61350\" data-id=\"6c61350\" data-element_type=\"column\">\n\t\t\t<div class=\"elementor-widget-wrap elementor-element-populated\">\n\t\t\t\t\t\t<div class=\"elementor-element elementor-element-2263d60 elementor-view-default elementor-widget elementor-widget-icon\" data-id=\"2263d60\" data-element_type=\"widget\" data-widget_type=\"icon.default\">\n\t\t\t\t<div class=\"elementor-widget-container\">\n\t\t\t\t\t\t\t<div class=\"elementor-icon-wrapper\">\n\t\t\t<a class=\"elementor-icon\" href=\"https:\/\/www.youtube.com\/@safetoload\" target=\"_blank\">\n\t\t\t<i aria-hidden=\"true\" class=\"fab fa-youtube\"><\/i>\t\t\t<\/a>\n\t\t<\/div>\n\t\t\t\t\t\t<\/div>\n\t\t\t\t<\/div>\n\t\t\t\t<div class=\"elementor-element elementor-element-4779781 elementor-widget elementor-widget-text-editor\" data-id=\"4779781\" data-element_type=\"widget\" data-widget_type=\"text-editor.default\">\n\t\t\t\t<div class=\"elementor-widget-container\">\n\t\t\t\t\t\t\t\t\t<p><span style=\"color: #ffffff;\">Watch all our videos on YouTube<\/span><\/p>\n\t\t\t\t\t\t\t\t<\/div>\n\t\t\t\t<\/div>\n\t\t\t\t<div class=\"elementor-element elementor-element-eea99b1 elementor-align-center elementor-widget elementor-widget-button\" data-id=\"eea99b1\" data-element_type=\"widget\" data-widget_type=\"button.default\">\n\t\t\t\t<div class=\"elementor-widget-container\">\n\t\t\t\t\t\t\t\t\t<div class=\"elementor-button-wrapper\">\n\t\t\t\t\t<a class=\"elementor-button elementor-button-link elementor-size-md\" href=\"https:\/\/www.youtube.com\/@safetoload\">\n\t\t\t\t\t\t<span class=\"elementor-button-content-wrapper\">\n\t\t\t\t\t\t\t\t\t<span class=\"elementor-button-text\">Subscribe<\/span>\n\t\t\t\t\t<\/span>\n\t\t\t\t\t<\/a>\n\t\t\t\t<\/div>\n\t\t\t\t\t\t\t\t<\/div>\n\t\t\t\t<\/div>\n\t\t\t\t\t<\/div>\n\t\t<\/div>\n\t\t\t\t\t<\/div>\n\t\t<\/section>\n\t\t\t\t<\/div>\n\t\t","protected":false},"excerpt":{"rendered":"<p>DOCUMENTATION Return to help page ALL OUR DOCUMENTATION General Documentation Portal Documentation App Inspect Documentation Follow all our news on LinkedIn Follow us Watch all our videos on YouTube Subscribe<\/p>\n","protected":false},"author":1,"featured_media":0,"parent":0,"menu_order":16,"comment_status":"closed","ping_status":"closed","template":"","meta":{"site-sidebar-layout":"no-sidebar","site-content-layout":"page-builder","ast-site-content-layout":"full-width-container","site-content-style":"unboxed","site-sidebar-style":"unboxed","ast-global-header-display":"disabled","ast-banner-title-visibility":"","ast-main-header-display":"disabled","ast-hfb-above-header-display":"","ast-hfb-below-header-display":"","ast-hfb-mobile-header-display":"disabled","site-post-title":"disabled","ast-breadcrumbs-content":"disabled","ast-featured-img":"disabled","footer-sml-layout":"","theme-transparent-header-meta":"default","adv-header-id-meta":"","stick-header-meta":"","header-above-stick-meta":"","header-main-stick-meta":"","header-below-stick-meta":"","astra-migrate-meta-layouts":"default","ast-page-background-enabled":"default","ast-page-background-meta":{"desktop":{"background-color":"var(--ast-global-color-4)","background-image":"","background-repeat":"repeat","background-position":"center center","background-size":"auto","background-attachment":"scroll","background-type":"","background-media":"","overlay-type":"","overlay-color":"","overlay-gradient":""},"tablet":{"background-color":"","background-image":"","background-repeat":"repeat","background-position":"center center","background-size":"auto","background-attachment":"scroll","background-type":"","background-media":"","overlay-type":"","overlay-color":"","overlay-gradient":""},"mobile":{"background-color":"","background-image":"","background-repeat":"repeat","background-position":"center center","background-size":"auto","background-attachment":"scroll","background-type":"","background-media":"","overlay-type":"","overlay-color":"","overlay-gradient":""}},"ast-content-background-meta":{"desktop":{"background-color":"var(--ast-global-color-5)","background-image":"","background-repeat":"repeat","background-position":"center center","background-size":"auto","background-attachment":"scroll","background-type":"","background-media":"","overlay-type":"","overlay-color":"","overlay-gradient":""},"tablet":{"background-color":"var(--ast-global-color-5)","background-image":"","background-repeat":"repeat","background-position":"center center","background-size":"auto","background-attachment":"scroll","background-type":"","background-media":"","overlay-type":"","overlay-color":"","overlay-gradient":""},"mobile":{"background-color":"var(--ast-global-color-5)","background-image":"","background-repeat":"repeat","background-position":"center center","background-size":"auto","background-attachment":"scroll","background-type":"","background-media":"","overlay-type":"","overlay-color":"","overlay-gradient":""}},"_themeisle_gutenberg_block_has_review":false,"footnotes":""},"class_list":["post-11432","page","type-page","status-publish","hentry"],"yoast_head":"<!-- This site is optimized with the Yoast SEO plugin v24.1 - https:\/\/yoast.com\/wordpress\/plugins\/seo\/ -->\n<title>Documentation - SafeToLoad<\/title>\n<meta name=\"description\" content=\"Retrouvez toutes notre documentation : documentation g\u00e9n\u00e9rale, documentation Portail et App Inspect...\" \/>\n<meta name=\"robots\" content=\"index, follow, max-snippet:-1, max-image-preview:large, max-video-preview:-1\" \/>\n<link rel=\"canonical\" href=\"https:\/\/safetoload.com\/en\/documentation-ep\/\" \/>\n<meta property=\"og:locale\" content=\"en_US\" \/>\n<meta property=\"og:type\" content=\"article\" \/>\n<meta property=\"og:title\" content=\"Documentation - SafeToLoad\" \/>\n<meta property=\"og:description\" content=\"Retrouvez toutes notre documentation : documentation g\u00e9n\u00e9rale, documentation Portail et App Inspect...\" \/>\n<meta property=\"og:url\" content=\"https:\/\/safetoload.com\/en\/documentation-ep\/\" \/>\n<meta property=\"og:site_name\" content=\"SafeToLoad\" \/>\n<meta property=\"article:modified_time\" content=\"2024-04-23T08:45:50+00:00\" \/>\n<meta property=\"og:image\" content=\"https:\/\/safetoload.com\/wp-content\/uploads\/2021\/10\/safetoload.logo_.horizontal.orange.v3-300x67.png\" \/>\n<meta name=\"twitter:card\" content=\"summary_large_image\" \/>\n<meta name=\"twitter:label1\" content=\"Est. reading time\" \/>\n\t<meta name=\"twitter:data1\" content=\"1 minute\" \/>\n<script type=\"application\/ld+json\" class=\"yoast-schema-graph\">{\"@context\":\"https:\/\/schema.org\",\"@graph\":[{\"@type\":\"WebPage\",\"@id\":\"https:\/\/safetoload.com\/en\/documentation-ep\/\",\"url\":\"https:\/\/safetoload.com\/en\/documentation-ep\/\",\"name\":\"Documentation - SafeToLoad\",\"isPartOf\":{\"@id\":\"https:\/\/safetoload.com\/en\/#website\"},\"primaryImageOfPage\":{\"@id\":\"https:\/\/safetoload.com\/en\/documentation-ep\/#primaryimage\"},\"image\":{\"@id\":\"https:\/\/safetoload.com\/en\/documentation-ep\/#primaryimage\"},\"thumbnailUrl\":\"https:\/\/safetoload.com\/wp-content\/uploads\/2021\/10\/safetoload.logo_.horizontal.orange.v3-300x67.png\",\"datePublished\":\"2023-09-15T09:10:14+00:00\",\"dateModified\":\"2024-04-23T08:45:50+00:00\",\"description\":\"Retrouvez toutes notre documentation : documentation g\u00e9n\u00e9rale, documentation Portail et App Inspect...\",\"breadcrumb\":{\"@id\":\"https:\/\/safetoload.com\/en\/documentation-ep\/#breadcrumb\"},\"inLanguage\":\"en-US\",\"potentialAction\":[{\"@type\":\"ReadAction\",\"target\":[\"https:\/\/safetoload.com\/en\/documentation-ep\/\"]}]},{\"@type\":\"ImageObject\",\"inLanguage\":\"en-US\",\"@id\":\"https:\/\/safetoload.com\/en\/documentation-ep\/#primaryimage\",\"url\":\"https:\/\/safetoload.com\/wp-content\/uploads\/2021\/10\/safetoload.logo_.horizontal.orange.v3-300x67.png\",\"contentUrl\":\"https:\/\/safetoload.com\/wp-content\/uploads\/2021\/10\/safetoload.logo_.horizontal.orange.v3-300x67.png\"},{\"@type\":\"BreadcrumbList\",\"@id\":\"https:\/\/safetoload.com\/en\/documentation-ep\/#breadcrumb\",\"itemListElement\":[{\"@type\":\"ListItem\",\"position\":1,\"name\":\"Accueil\",\"item\":\"https:\/\/safetoload.com\/en\/\"},{\"@type\":\"ListItem\",\"position\":2,\"name\":\"Documentation EP\"}]},{\"@type\":\"WebSite\",\"@id\":\"https:\/\/safetoload.com\/en\/#website\",\"url\":\"https:\/\/safetoload.com\/en\/\",\"name\":\"SafeToLoad\",\"description\":\"Transformez la s\u00e9curit\u00e9 en priorit\u00e9\",\"publisher\":{\"@id\":\"https:\/\/safetoload.com\/en\/#organization\"},\"potentialAction\":[{\"@type\":\"SearchAction\",\"target\":{\"@type\":\"EntryPoint\",\"urlTemplate\":\"https:\/\/safetoload.com\/en\/?s={search_term_string}\"},\"query-input\":{\"@type\":\"PropertyValueSpecification\",\"valueRequired\":true,\"valueName\":\"search_term_string\"}}],\"inLanguage\":\"en-US\"},{\"@type\":\"Organization\",\"@id\":\"https:\/\/safetoload.com\/en\/#organization\",\"name\":\"Safe To Load\",\"url\":\"https:\/\/safetoload.com\/en\/\",\"logo\":{\"@type\":\"ImageObject\",\"inLanguage\":\"en-US\",\"@id\":\"https:\/\/safetoload.com\/en\/#\/schema\/logo\/image\/\",\"url\":\"https:\/\/safetoload.com\/wp-content\/uploads\/2021\/10\/safetoload.logo_.vertical.orange.v4.png\",\"contentUrl\":\"https:\/\/safetoload.com\/wp-content\/uploads\/2021\/10\/safetoload.logo_.vertical.orange.v4.png\",\"width\":1199,\"height\":663,\"caption\":\"Safe To Load\"},\"image\":{\"@id\":\"https:\/\/safetoload.com\/en\/#\/schema\/logo\/image\/\"}}]}<\/script>\n<!-- \/ Yoast SEO plugin. -->","yoast_head_json":{"title":"Documentation - SafeToLoad","description":"Retrouvez toutes notre documentation : documentation g\u00e9n\u00e9rale, documentation Portail et App Inspect...","robots":{"index":"index","follow":"follow","max-snippet":"max-snippet:-1","max-image-preview":"max-image-preview:large","max-video-preview":"max-video-preview:-1"},"canonical":"https:\/\/safetoload.com\/en\/documentation-ep\/","og_locale":"en_US","og_type":"article","og_title":"Documentation - SafeToLoad","og_description":"Retrouvez toutes notre documentation : documentation g\u00e9n\u00e9rale, documentation Portail et App Inspect...","og_url":"https:\/\/safetoload.com\/en\/documentation-ep\/","og_site_name":"SafeToLoad","article_modified_time":"2024-04-23T08:45:50+00:00","og_image":[{"url":"https:\/\/safetoload.com\/wp-content\/uploads\/2021\/10\/safetoload.logo_.horizontal.orange.v3-300x67.png","type":"","width":"","height":""}],"twitter_card":"summary_large_image","twitter_misc":{"Est. reading time":"1 minute"},"schema":{"@context":"https:\/\/schema.org","@graph":[{"@type":"WebPage","@id":"https:\/\/safetoload.com\/en\/documentation-ep\/","url":"https:\/\/safetoload.com\/en\/documentation-ep\/","name":"Documentation - SafeToLoad","isPartOf":{"@id":"https:\/\/safetoload.com\/en\/#website"},"primaryImageOfPage":{"@id":"https:\/\/safetoload.com\/en\/documentation-ep\/#primaryimage"},"image":{"@id":"https:\/\/safetoload.com\/en\/documentation-ep\/#primaryimage"},"thumbnailUrl":"https:\/\/safetoload.com\/wp-content\/uploads\/2021\/10\/safetoload.logo_.horizontal.orange.v3-300x67.png","datePublished":"2023-09-15T09:10:14+00:00","dateModified":"2024-04-23T08:45:50+00:00","description":"Retrouvez toutes notre documentation : documentation g\u00e9n\u00e9rale, documentation Portail et App Inspect...","breadcrumb":{"@id":"https:\/\/safetoload.com\/en\/documentation-ep\/#breadcrumb"},"inLanguage":"en-US","potentialAction":[{"@type":"ReadAction","target":["https:\/\/safetoload.com\/en\/documentation-ep\/"]}]},{"@type":"ImageObject","inLanguage":"en-US","@id":"https:\/\/safetoload.com\/en\/documentation-ep\/#primaryimage","url":"https:\/\/safetoload.com\/wp-content\/uploads\/2021\/10\/safetoload.logo_.horizontal.orange.v3-300x67.png","contentUrl":"https:\/\/safetoload.com\/wp-content\/uploads\/2021\/10\/safetoload.logo_.horizontal.orange.v3-300x67.png"},{"@type":"BreadcrumbList","@id":"https:\/\/safetoload.com\/en\/documentation-ep\/#breadcrumb","itemListElement":[{"@type":"ListItem","position":1,"name":"Accueil","item":"https:\/\/safetoload.com\/en\/"},{"@type":"ListItem","position":2,"name":"Documentation EP"}]},{"@type":"WebSite","@id":"https:\/\/safetoload.com\/en\/#website","url":"https:\/\/safetoload.com\/en\/","name":"SafeToLoad","description":"Transformez la s\u00e9curit\u00e9 en priorit\u00e9","publisher":{"@id":"https:\/\/safetoload.com\/en\/#organization"},"potentialAction":[{"@type":"SearchAction","target":{"@type":"EntryPoint","urlTemplate":"https:\/\/safetoload.com\/en\/?s={search_term_string}"},"query-input":{"@type":"PropertyValueSpecification","valueRequired":true,"valueName":"search_term_string"}}],"inLanguage":"en-US"},{"@type":"Organization","@id":"https:\/\/safetoload.com\/en\/#organization","name":"Safe To Load","url":"https:\/\/safetoload.com\/en\/","logo":{"@type":"ImageObject","inLanguage":"en-US","@id":"https:\/\/safetoload.com\/en\/#\/schema\/logo\/image\/","url":"https:\/\/safetoload.com\/wp-content\/uploads\/2021\/10\/safetoload.logo_.vertical.orange.v4.png","contentUrl":"https:\/\/safetoload.com\/wp-content\/uploads\/2021\/10\/safetoload.logo_.vertical.orange.v4.png","width":1199,"height":663,"caption":"Safe To Load"},"image":{"@id":"https:\/\/safetoload.com\/en\/#\/schema\/logo\/image\/"}}]}},"_links":{"self":[{"href":"https:\/\/safetoload.com\/en\/wp-json\/wp\/v2\/pages\/11432","targetHints":{"allow":["GET"]}}],"collection":[{"href":"https:\/\/safetoload.com\/en\/wp-json\/wp\/v2\/pages"}],"about":[{"href":"https:\/\/safetoload.com\/en\/wp-json\/wp\/v2\/types\/page"}],"author":[{"embeddable":true,"href":"https:\/\/safetoload.com\/en\/wp-json\/wp\/v2\/users\/1"}],"replies":[{"embeddable":true,"href":"https:\/\/safetoload.com\/en\/wp-json\/wp\/v2\/comments?post=11432"}],"version-history":[{"count":30,"href":"https:\/\/safetoload.com\/en\/wp-json\/wp\/v2\/pages\/11432\/revisions"}],"predecessor-version":[{"id":13043,"href":"https:\/\/safetoload.com\/en\/wp-json\/wp\/v2\/pages\/11432\/revisions\/13043"}],"wp:attachment":[{"href":"https:\/\/safetoload.com\/en\/wp-json\/wp\/v2\/media?parent=11432"}],"curies":[{"name":"wp","href":"https:\/\/api.w.org\/{rel}","templated":true}]}}